{"id":237508,"date":"2024-02-26T12:02:39","date_gmt":"2024-02-26T12:02:39","guid":{"rendered":"https:\/\/linkcee.com\/plan-du-site\/"},"modified":"2024-08-21T09:28:14","modified_gmt":"2024-08-21T09:28:14","slug":"plan-du-site","status":"publish","type":"page","link":"https:\/\/linkcee.com\/fr\/plan-du-site\/","title":{"rendered":"Plan du site"},"content":{"rendered":"<p>[et_pb_section fb_built=\u00a0\u00bb1&Prime; _builder_version=\u00a0\u00bb4.16&Prime; global_colors_info=\u00a0\u00bb{}\u00a0\u00bb][et_pb_row _builder_version=\u00a0\u00bb4.16&Prime; background_size=\u00a0\u00bbinitial\u00a0\u00bb background_position=\u00a0\u00bbtop_left\u00a0\u00bb background_repeat=\u00a0\u00bbrepeat\u00a0\u00bb global_colors_info=\u00a0\u00bb{}\u00a0\u00bb][et_pb_column type=\u00a0\u00bb4_4&Prime; _builder_version=\u00a0\u00bb4.16&Prime; custom_padding=\u00a0\u00bb|||\u00a0\u00bb global_colors_info=\u00a0\u00bb{}\u00a0\u00bb custom_padding__hover=\u00a0\u00bb|||\u00a0\u00bb][et_pb_heading title=\u00a0\u00bbPlan du site\u00a0\u00bb _builder_version=\u00a0\u00bb4.24.2&Prime; _module_preset=\u00a0\u00bbdefault\u00a0\u00bb hover_enabled=\u00a0\u00bb0&Prime; sticky_enabled=\u00a0\u00bb0&Prime;][\/et_pb_heading][et_pb_code _builder_version=\u00a0\u00bb4.24.2&Prime; _module_preset=\u00a0\u00bbdefault\u00a0\u00bb hover_enabled=\u00a0\u00bb0&Prime; sticky_enabled=\u00a0\u00bb0&Prime;]<div class=\"wsp-container\"><h2 class=\"wsp-pages-title\">Pages<\/h2>\n<ul class=\"wsp-pages-list\">\n<li class=\"page_item page-item-237456\"><a href=\"https:\/\/linkcee.com\/fr\/\">Accueil<\/a><\/li>\n<li class=\"page_item page-item-237436\"><a href=\"https:\/\/linkcee.com\/fr\/avis-juridique\/\">Avis juridique<\/a><\/li>\n<li class=\"page_item page-item-237438\"><a href=\"https:\/\/linkcee.com\/fr\/blog\/\">Blog<\/a><\/li>\n<li class=\"page_item page-item-237465\"><a href=\"https:\/\/linkcee.com\/fr\/ce-que-nous-faisons\/\">Ce que nous faisons<\/a><\/li>\n<li class=\"page_item page-item-239735\"><a href=\"https:\/\/linkcee.com\/fr\/citroen\/\">Citroen<\/a><\/li>\n<li class=\"page_item page-item-237441\"><a href=\"https:\/\/linkcee.com\/fr\/contact\/\">Contact<\/a><\/li>\n<li class=\"page_item page-item-237497\"><a href=\"https:\/\/linkcee.com\/fr\/declaration-daccessibilite\/\">D\u00e9claration d&rsquo;accessibilit\u00e9<\/a><\/li>\n<li class=\"page_item page-item-237444\"><a href=\"https:\/\/linkcee.com\/fr\/enterprise\/\">Entreprise<\/a><\/li>\n<li class=\"page_item page-item-239741\"><a href=\"https:\/\/linkcee.com\/fr\/ford\/\">Ford<\/a><\/li>\n<li class=\"page_item page-item-237453\"><a href=\"https:\/\/linkcee.com\/fr\/formulaire-recherche-vehicule\/\">Formulaire de recherche de v\u00e9hicule<\/a><\/li>\n<li class=\"page_item page-item-239424\"><a href=\"https:\/\/linkcee.com\/fr\/hyundai\/\">Hyundai<\/a><\/li>\n<li class=\"page_item page-item-239721\"><a href=\"https:\/\/linkcee.com\/fr\/importation-et-exportation-de-citroen-ce-en-algerie\/\">Importation et exportation de Citro\u00ebn C3 vers l&rsquo;Alg\u00e9rie<\/a><\/li>\n<li class=\"page_item page-item-239728\"><a href=\"https:\/\/linkcee.com\/fr\/importation-et-exportation-de-ford-focus-en-algerie\/\">Importation et exportation de Ford Focus vers l&rsquo;Alg\u00e9rie<\/a><\/li>\n<li class=\"page_item page-item-239038\"><a href=\"https:\/\/linkcee.com\/fr\/importation-et-exportation-de-hyunday-i20-au-maroc\/\">Importation et exportation de Hyunday i20 au Maroc<\/a><\/li>\n<li class=\"page_item page-item-239035\"><a href=\"https:\/\/linkcee.com\/fr\/importation-et-exportation-de-hyunday-i20-au-algerie\/\">Importation et exportation de Hyunday i20 en Alg\u00e9rie<\/a><\/li>\n<li class=\"page_item page-item-239044\"><a href=\"https:\/\/linkcee.com\/fr\/importation-et-exportation-de-hynday-i20-au-tunisie\/\">Importation et exportation de Hyunday i20 en Tunisie<\/a><\/li>\n<li class=\"page_item page-item-239091\"><a href=\"https:\/\/linkcee.com\/fr\/importation-et-exportation-de-hyunday-ionic-au-algerie\/\">Importation et exportation de Hyunday Ionic vers l&rsquo;Alg\u00e9rie<\/a><\/li>\n<li class=\"page_item page-item-239103\"><a href=\"https:\/\/linkcee.com\/fr\/importation-et-exportation-de-hyunday-ionic-au-tunisie\/\">Importation et exportation de Hyunday Ionic vers la Tunisie<\/a><\/li>\n<li class=\"page_item page-item-239097\"><a href=\"https:\/\/linkcee.com\/fr\/importation-te-exportation-de-hyunday-ionic-au-maroc\/\">Importation et exportation de Hyunday Ionic vers le Maroc<\/a><\/li>\n<li class=\"page_item page-item-238961\"><a href=\"https:\/\/linkcee.com\/fr\/importation-et-exportation-de-hyunday-tucson-au-maroc\/\">Importation et exportation de Hyunday Tucson au Maroc<\/a><\/li>\n<li class=\"page_item page-item-238967\"><a href=\"https:\/\/linkcee.com\/fr\/importation-et-exportation-de-hyunday-tucson-au-tunisie\/\">Importation et exportation de Hyunday Tucson en Tunisie<\/a><\/li>\n<li class=\"page_item page-item-238955\"><a href=\"https:\/\/linkcee.com\/fr\/importation-et-exportation-de-hyunday-tucson-au-lalgerie\/\">Importation et exportation de Hyunday Tucson vers l&rsquo;Alg\u00e9rie<\/a><\/li>\n<li class=\"page_item page-item-239151\"><a href=\"https:\/\/linkcee.com\/fr\/importation-et-exportation-de-seat-arona-au-maroc\/\">Importation et exportation de Seat Arona \u00e0 Marrurecos<\/a><\/li>\n<li class=\"page_item page-item-239157\"><a href=\"https:\/\/linkcee.com\/fr\/importation-et-exportation-de-seat-arona-au-tunisie\/\">Importation et exportation de Seat Arona en Tunisie<\/a><\/li>\n<li class=\"page_item page-item-239145\"><a href=\"https:\/\/linkcee.com\/fr\/importation-et-exportation-de-seat-arona-au-algerie\/\">Importation et exportation de Seat Arona vers l&rsquo;Alg\u00e9rie<\/a><\/li>\n<li class=\"page_item page-item-239267\"><a href=\"https:\/\/linkcee.com\/fr\/importation-et-exportation-de-seat-ateca-au-maroc\/\">Importation et exportation de Seat Ateca au Maroc<\/a><\/li>\n<li class=\"page_item page-item-239276\"><a href=\"https:\/\/linkcee.com\/fr\/importation-et-exportation-de-seat-ateca-au-tunisie\/\">Importation et exportation de Seat Ateca au Tunisie<\/a><\/li>\n<li class=\"page_item page-item-239264\"><a href=\"https:\/\/linkcee.com\/fr\/importacion-y-exportacion-de-seat-ateca-a-argelia\/\">Importation et exportation de Seat Ateca en Alg\u00e9rie<\/a><\/li>\n<li class=\"page_item page-item-239280\"><a href=\"https:\/\/linkcee.com\/fr\/importation-et-exportation-de-seat-ibiza-au-algerie\/\">Importation et exportation de Seat Ibiza au Alg\u00e9rie<\/a><\/li>\n<li class=\"page_item page-item-239284\"><a href=\"https:\/\/linkcee.com\/fr\/importation-et-exportation-de-seat-ibiza-au-maroc\/\">Importation et exportation de Seat Ibiza au Maroc<\/a><\/li>\n<li class=\"page_item page-item-239287\"><a href=\"https:\/\/linkcee.com\/fr\/importation-et-exportation-de-seat-ibiza-au-tunisie\/\">Importation et exportation de Seat Ibiza au Tunisie<\/a><\/li>\n<li class=\"page_item page-item-240498\"><a href=\"https:\/\/linkcee.com\/fr\/importation-et-exportation-de-skoda-fabia-au-maroc\/\">Importation et exportation de Skoda Fabia au Maroc<\/a><\/li>\n<li class=\"page_item page-item-239590\"><a href=\"https:\/\/linkcee.com\/fr\/importation-et-exportation-de-skoda-fabia-en-algerie\/\">Importation et exportation de Skoda Fabia en Alg\u00e9rie<\/a><\/li>\n<li class=\"page_item page-item-240501\"><a href=\"https:\/\/linkcee.com\/fr\/importation-et-exportation-de-skoda-kamiq-au-maroc\/\">Importation et exportation de Skoda Kamiq au Maroc<\/a><\/li>\n<li class=\"page_item page-item-239596\"><a href=\"https:\/\/linkcee.com\/fr\/importation-et-exportation-de-skoda-kamiq-en-algerie\/\">Importation et exportation de Skoda Kamiq en Alg\u00e9rie<\/a><\/li>\n<li class=\"page_item page-item-240504\"><a href=\"https:\/\/linkcee.com\/fr\/importation-et-exportation-de-skoda-karoq-au-maroc\/\">Importation et exportation de Skoda Karoq au Maroc<\/a><\/li>\n<li class=\"page_item page-item-239599\"><a href=\"https:\/\/linkcee.com\/fr\/importation-et-exportation-de-skoda-karoq-en-algerie\/\">Importation et exportation de Skoda Karoq en Alg\u00e9rie<\/a><\/li>\n<li class=\"page_item page-item-240507\"><a href=\"https:\/\/linkcee.com\/fr\/importation-et-exportation-de-skoda-octavia-au-maroc\/\">Importation et exportation de Skoda Octavia au Maroc<\/a><\/li>\n<li class=\"page_item page-item-239603\"><a href=\"https:\/\/linkcee.com\/fr\/importation-et-exportation-de-skoda-octavia-en-algerie\/\">Importation et exportation de Skoda Octavia en Alg\u00e9rie<\/a><\/li>\n<li class=\"page_item page-item-239662\"><a href=\"https:\/\/linkcee.com\/fr\/importation-et-exprotation-de-volkswagen-t-cross-au-maroc\/\">Importation et exportation de Volkswagen T-Cross au Maroc<\/a><\/li>\n<li class=\"page_item page-item-239474\"><a href=\"https:\/\/linkcee.com\/fr\/importation-et-exportation-de-volkswagen-t-cross-a-argelia\/\">Importation et exportation de Volkswagen T-Cross en Alg\u00e9rie<\/a><\/li>\n<li class=\"page_item page-item-239674\"><a href=\"https:\/\/linkcee.com\/fr\/importation-et-exportation-de-volkswagen-t-cross-en-tunisie\/\">Importation et exportation de Volkswagen T-Cross en Tunisie<\/a><\/li>\n<li class=\"page_item page-item-239678\"><a href=\"https:\/\/linkcee.com\/fr\/importation-et-exportation-de-volkswagen-t-rock-au-maroc\/\">Importation et exportation de Volkswagen T-Roc au Maroc<\/a><\/li>\n<li class=\"page_item page-item-239481\"><a href=\"https:\/\/linkcee.com\/fr\/importation-et-exportation-de-volkwagen-tayron-au-algerie\/\">Importation et exportation de Volkswagen T-Roc en Alg\u00e9rie<\/a><\/li>\n<li class=\"page_item page-item-239685\"><a href=\"https:\/\/linkcee.com\/fr\/importation-et-exportation-de-volkswagen-t-rock-en-tunisie\/\">Importation et exportation de Volkswagen T-Roc en Tunisie<\/a><\/li>\n<li class=\"page_item page-item-239293\"><a href=\"https:\/\/linkcee.com\/fr\/importation-et-exportation-de-volkswagen-tayron-au-maroc\/\">Importation et exportation de Volkswagen Tayron au Maroc<\/a><\/li>\n<li class=\"page_item page-item-239290\"><a href=\"https:\/\/linkcee.com\/fr\/importation-et-exportation-de-volkswagen-tayron-au-algerie\/\">Importation et exportation de Volkswagen Tayron en Alg\u00e9rie<\/a><\/li>\n<li class=\"page_item page-item-239296\"><a href=\"https:\/\/linkcee.com\/fr\/importation-et-exportation-de-volkswagen-tayron-en-tunisie\/\">Importation et exportation de Volkswagen Tayron en Tunisie<\/a><\/li>\n<li class=\"page_item page-item-237447\"><a href=\"https:\/\/linkcee.com\/fr\/equipe\/\">L&rsquo;\u00e9quipe<\/a><\/li>\n<li class=\"page_item page-item-239773\"><a href=\"https:\/\/linkcee.com\/fr\/louer-une-voiture\/\">Louer une voiture<\/a><\/li>\n<li class=\"page_item page-item-237508\"><a href=\"https:\/\/linkcee.com\/fr\/plan-du-site\/\">Plan du site<\/a><\/li>\n<li class=\"page_item page-item-237461\"><a href=\"https:\/\/linkcee.com\/fr\/politique-de-confidentialite\/\">Politique de confidentialit\u00e9<\/a><\/li>\n<li class=\"page_item page-item-237459\"><a href=\"https:\/\/linkcee.com\/fr\/politique-de-qualite\/\">Politique de qualit\u00e9<\/a><\/li>\n<li class=\"page_item page-item-237463\"><a href=\"https:\/\/linkcee.com\/fr\/politique-de-securite\/\">Politique de s\u00e9curit\u00e9<\/a><\/li>\n<li class=\"page_item page-item-239448\"><a href=\"https:\/\/linkcee.com\/fr\/seat\/\">Seat<\/a><\/li>\n<li class=\"page_item page-item-239624\"><a href=\"https:\/\/linkcee.com\/fr\/skoda\/\">Skoda<\/a><\/li>\n<li class=\"page_item page-item-237846\"><a href=\"https:\/\/linkcee.com\/fr\/import-voitures-maroc\/\">Sp\u00e9cialistes de l&rsquo;importation et de l&rsquo;exportation de v\u00e9hicules de l&rsquo;Espagne au Maroc.<\/a><\/li>\n<li class=\"page_item page-item-237450\"><a href=\"https:\/\/linkcee.com\/fr\/specialistes-de-limportation-et-de-lexportation-de-vehicules-en-algerie-depuis-lespagne\/\">Sp\u00e9cialistes de l&rsquo;importation et de l&rsquo;exportation de v\u00e9hicules en Alg\u00e9rie depuis l&rsquo;Espagne.<\/a><\/li>\n<li class=\"page_item page-item-237870\"><a href=\"https:\/\/linkcee.com\/fr\/voitures-exportations-de-allemagne\/\">Sp\u00e9cialistes de l&rsquo;importation et de l&rsquo;exportation de v\u00e9hicules en provenance d&rsquo;Allemagne<\/a><\/li>\n<li class=\"page_item page-item-238829\"><a href=\"https:\/\/linkcee.com\/fr\/importation-de-voitures-tunisie\/\">Sp\u00e9cialistes de l&rsquo;importation et de l&rsquo;exportation de v\u00e9hicules en Tunisie depuis l&rsquo;Espagne<\/a><\/li>\n<li class=\"page_item page-item-239535\"><a href=\"https:\/\/linkcee.com\/fr\/volkswagen\/\">Volkswagen<\/a><\/li>\n<\/ul>\n<\/div>[\/et_pb_code][\/et_pb_column][\/et_pb_row][\/et_pb_section]<\/p>\n","protected":false},"excerpt":{"rendered":"<div class=\"wsp-container\"><h2 class=\"wsp-pages-title\">Pages<\/h2>\n<ul class=\"wsp-pages-list\">\n<li class=\"page_item page-item-237456\"><a href=\"https:\/\/linkcee.com\/fr\/\">Accueil<\/a><\/li>\n<li class=\"page_item page-item-237436\"><a href=\"https:\/\/linkcee.com\/fr\/avis-juridique\/\">Avis juridique<\/a><\/li>\n<li class=\"page_item page-item-237438\"><a href=\"https:\/\/linkcee.com\/fr\/blog\/\">Blog<\/a><\/li>\n<li class=\"page_item page-item-237465\"><a href=\"https:\/\/linkcee.com\/fr\/ce-que-nous-faisons\/\">Ce que nous faisons<\/a><\/li>\n<li class=\"page_item page-item-239735\"><a href=\"https:\/\/linkcee.com\/fr\/citroen\/\">Citroen<\/a><\/li>\n<li class=\"page_item page-item-237441\"><a href=\"https:\/\/linkcee.com\/fr\/contact\/\">Contact<\/a><\/li>\n<li class=\"page_item page-item-237497\"><a href=\"https:\/\/linkcee.com\/fr\/declaration-daccessibilite\/\">D\u00e9claration d&rsquo;accessibilit\u00e9<\/a><\/li>\n<li class=\"page_item page-item-237444\"><a href=\"https:\/\/linkcee.com\/fr\/enterprise\/\">Entreprise<\/a><\/li>\n<li class=\"page_item page-item-239741\"><a href=\"https:\/\/linkcee.com\/fr\/ford\/\">Ford<\/a><\/li>\n<li class=\"page_item page-item-237453\"><a href=\"https:\/\/linkcee.com\/fr\/formulaire-recherche-vehicule\/\">Formulaire de recherche de v\u00e9hicule<\/a><\/li>\n<li class=\"page_item page-item-239424\"><a href=\"https:\/\/linkcee.com\/fr\/hyundai\/\">Hyundai<\/a><\/li>\n<li class=\"page_item page-item-239721\"><a href=\"https:\/\/linkcee.com\/fr\/importation-et-exportation-de-citroen-ce-en-algerie\/\">Importation et exportation de Citro\u00ebn C3 vers l&rsquo;Alg\u00e9rie<\/a><\/li>\n<li class=\"page_item page-item-239728\"><a href=\"https:\/\/linkcee.com\/fr\/importation-et-exportation-de-ford-focus-en-algerie\/\">Importation et exportation de Ford Focus vers l&rsquo;Alg\u00e9rie<\/a><\/li>\n<li class=\"page_item page-item-239038\"><a href=\"https:\/\/linkcee.com\/fr\/importation-et-exportation-de-hyunday-i20-au-maroc\/\">Importation et exportation de Hyunday i20 au Maroc<\/a><\/li>\n<li class=\"page_item page-item-239035\"><a href=\"https:\/\/linkcee.com\/fr\/importation-et-exportation-de-hyunday-i20-au-algerie\/\">Importation et exportation de Hyunday i20 en Alg\u00e9rie<\/a><\/li>\n<li class=\"page_item page-item-239044\"><a href=\"https:\/\/linkcee.com\/fr\/importation-et-exportation-de-hynday-i20-au-tunisie\/\">Importation et exportation de Hyunday i20 en Tunisie<\/a><\/li>\n<li class=\"page_item page-item-239091\"><a href=\"https:\/\/linkcee.com\/fr\/importation-et-exportation-de-hyunday-ionic-au-algerie\/\">Importation et exportation de Hyunday Ionic vers l&rsquo;Alg\u00e9rie<\/a><\/li>\n<li class=\"page_item page-item-239103\"><a href=\"https:\/\/linkcee.com\/fr\/importation-et-exportation-de-hyunday-ionic-au-tunisie\/\">Importation et exportation de Hyunday Ionic vers la Tunisie<\/a><\/li>\n<li class=\"page_item page-item-239097\"><a href=\"https:\/\/linkcee.com\/fr\/importation-te-exportation-de-hyunday-ionic-au-maroc\/\">Importation et exportation de Hyunday Ionic vers le Maroc<\/a><\/li>\n<li class=\"page_item page-item-238961\"><a href=\"https:\/\/linkcee.com\/fr\/importation-et-exportation-de-hyunday-tucson-au-maroc\/\">Importation et exportation de Hyunday Tucson au Maroc<\/a><\/li>\n<li class=\"page_item page-item-238967\"><a href=\"https:\/\/linkcee.com\/fr\/importation-et-exportation-de-hyunday-tucson-au-tunisie\/\">Importation et exportation de Hyunday Tucson en Tunisie<\/a><\/li>\n<li class=\"page_item page-item-238955\"><a href=\"https:\/\/linkcee.com\/fr\/importation-et-exportation-de-hyunday-tucson-au-lalgerie\/\">Importation et exportation de Hyunday Tucson vers l&rsquo;Alg\u00e9rie<\/a><\/li>\n<li class=\"page_item page-item-239151\"><a href=\"https:\/\/linkcee.com\/fr\/importation-et-exportation-de-seat-arona-au-maroc\/\">Importation et exportation de Seat Arona \u00e0 Marrurecos<\/a><\/li>\n<li class=\"page_item page-item-239157\"><a href=\"https:\/\/linkcee.com\/fr\/importation-et-exportation-de-seat-arona-au-tunisie\/\">Importation et exportation de Seat Arona en Tunisie<\/a><\/li>\n<li class=\"page_item page-item-239145\"><a href=\"https:\/\/linkcee.com\/fr\/importation-et-exportation-de-seat-arona-au-algerie\/\">Importation et exportation de Seat Arona vers l&rsquo;Alg\u00e9rie<\/a><\/li>\n<li class=\"page_item page-item-239267\"><a href=\"https:\/\/linkcee.com\/fr\/importation-et-exportation-de-seat-ateca-au-maroc\/\">Importation et exportation de Seat Ateca au Maroc<\/a><\/li>\n<li class=\"page_item page-item-239276\"><a href=\"https:\/\/linkcee.com\/fr\/importation-et-exportation-de-seat-ateca-au-tunisie\/\">Importation et exportation de Seat Ateca au Tunisie<\/a><\/li>\n<li class=\"page_item page-item-239264\"><a href=\"https:\/\/linkcee.com\/fr\/importacion-y-exportacion-de-seat-ateca-a-argelia\/\">Importation et exportation de Seat Ateca en Alg\u00e9rie<\/a><\/li>\n<li class=\"page_item page-item-239280\"><a href=\"https:\/\/linkcee.com\/fr\/importation-et-exportation-de-seat-ibiza-au-algerie\/\">Importation et exportation de Seat Ibiza au Alg\u00e9rie<\/a><\/li>\n<li class=\"page_item page-item-239284\"><a href=\"https:\/\/linkcee.com\/fr\/importation-et-exportation-de-seat-ibiza-au-maroc\/\">Importation et exportation de Seat Ibiza au Maroc<\/a><\/li>\n<li class=\"page_item page-item-239287\"><a href=\"https:\/\/linkcee.com\/fr\/importation-et-exportation-de-seat-ibiza-au-tunisie\/\">Importation et exportation de Seat Ibiza au Tunisie<\/a><\/li>\n<li class=\"page_item page-item-240498\"><a href=\"https:\/\/linkcee.com\/fr\/importation-et-exportation-de-skoda-fabia-au-maroc\/\">Importation et exportation de Skoda Fabia au Maroc<\/a><\/li>\n<li class=\"page_item page-item-239590\"><a href=\"https:\/\/linkcee.com\/fr\/importation-et-exportation-de-skoda-fabia-en-algerie\/\">Importation et exportation de Skoda Fabia en Alg\u00e9rie<\/a><\/li>\n<li class=\"page_item page-item-240501\"><a href=\"https:\/\/linkcee.com\/fr\/importation-et-exportation-de-skoda-kamiq-au-maroc\/\">Importation et exportation de Skoda Kamiq au Maroc<\/a><\/li>\n<li class=\"page_item page-item-239596\"><a href=\"https:\/\/linkcee.com\/fr\/importation-et-exportation-de-skoda-kamiq-en-algerie\/\">Importation et exportation de Skoda Kamiq en Alg\u00e9rie<\/a><\/li>\n<li class=\"page_item page-item-240504\"><a href=\"https:\/\/linkcee.com\/fr\/importation-et-exportation-de-skoda-karoq-au-maroc\/\">Importation et exportation de Skoda Karoq au Maroc<\/a><\/li>\n<li class=\"page_item page-item-239599\"><a href=\"https:\/\/linkcee.com\/fr\/importation-et-exportation-de-skoda-karoq-en-algerie\/\">Importation et exportation de Skoda Karoq en Alg\u00e9rie<\/a><\/li>\n<li class=\"page_item page-item-240507\"><a href=\"https:\/\/linkcee.com\/fr\/importation-et-exportation-de-skoda-octavia-au-maroc\/\">Importation et exportation de Skoda Octavia au Maroc<\/a><\/li>\n<li class=\"page_item page-item-239603\"><a href=\"https:\/\/linkcee.com\/fr\/importation-et-exportation-de-skoda-octavia-en-algerie\/\">Importation et exportation de Skoda Octavia en Alg\u00e9rie<\/a><\/li>\n<li class=\"page_item page-item-239662\"><a href=\"https:\/\/linkcee.com\/fr\/importation-et-exprotation-de-volkswagen-t-cross-au-maroc\/\">Importation et exportation de Volkswagen T-Cross au Maroc<\/a><\/li>\n<li class=\"page_item page-item-239474\"><a href=\"https:\/\/linkcee.com\/fr\/importation-et-exportation-de-volkswagen-t-cross-a-argelia\/\">Importation et exportation de Volkswagen T-Cross en Alg\u00e9rie<\/a><\/li>\n<li class=\"page_item page-item-239674\"><a href=\"https:\/\/linkcee.com\/fr\/importation-et-exportation-de-volkswagen-t-cross-en-tunisie\/\">Importation et exportation de Volkswagen T-Cross en Tunisie<\/a><\/li>\n<li class=\"page_item page-item-239678\"><a href=\"https:\/\/linkcee.com\/fr\/importation-et-exportation-de-volkswagen-t-rock-au-maroc\/\">Importation et exportation de Volkswagen T-Roc au Maroc<\/a><\/li>\n<li class=\"page_item page-item-239481\"><a href=\"https:\/\/linkcee.com\/fr\/importation-et-exportation-de-volkwagen-tayron-au-algerie\/\">Importation et exportation de Volkswagen T-Roc en Alg\u00e9rie<\/a><\/li>\n<li class=\"page_item page-item-239685\"><a href=\"https:\/\/linkcee.com\/fr\/importation-et-exportation-de-volkswagen-t-rock-en-tunisie\/\">Importation et exportation de Volkswagen T-Roc en Tunisie<\/a><\/li>\n<li class=\"page_item page-item-239293\"><a href=\"https:\/\/linkcee.com\/fr\/importation-et-exportation-de-volkswagen-tayron-au-maroc\/\">Importation et exportation de Volkswagen Tayron au Maroc<\/a><\/li>\n<li class=\"page_item page-item-239290\"><a href=\"https:\/\/linkcee.com\/fr\/importation-et-exportation-de-volkswagen-tayron-au-algerie\/\">Importation et exportation de Volkswagen Tayron en Alg\u00e9rie<\/a><\/li>\n<li class=\"page_item page-item-239296\"><a href=\"https:\/\/linkcee.com\/fr\/importation-et-exportation-de-volkswagen-tayron-en-tunisie\/\">Importation et exportation de Volkswagen Tayron en Tunisie<\/a><\/li>\n<li class=\"page_item page-item-237447\"><a href=\"https:\/\/linkcee.com\/fr\/equipe\/\">L&rsquo;\u00e9quipe<\/a><\/li>\n<li class=\"page_item page-item-239773\"><a href=\"https:\/\/linkcee.com\/fr\/louer-une-voiture\/\">Louer une voiture<\/a><\/li>\n<li class=\"page_item page-item-237508\"><a href=\"https:\/\/linkcee.com\/fr\/plan-du-site\/\">Plan du site<\/a><\/li>\n<li class=\"page_item page-item-237461\"><a href=\"https:\/\/linkcee.com\/fr\/politique-de-confidentialite\/\">Politique de confidentialit\u00e9<\/a><\/li>\n<li class=\"page_item page-item-237459\"><a href=\"https:\/\/linkcee.com\/fr\/politique-de-qualite\/\">Politique de qualit\u00e9<\/a><\/li>\n<li class=\"page_item page-item-237463\"><a href=\"https:\/\/linkcee.com\/fr\/politique-de-securite\/\">Politique de s\u00e9curit\u00e9<\/a><\/li>\n<li class=\"page_item page-item-239448\"><a href=\"https:\/\/linkcee.com\/fr\/seat\/\">Seat<\/a><\/li>\n<li class=\"page_item page-item-239624\"><a href=\"https:\/\/linkcee.com\/fr\/skoda\/\">Skoda<\/a><\/li>\n<li class=\"page_item page-item-237846\"><a href=\"https:\/\/linkcee.com\/fr\/import-voitures-maroc\/\">Sp\u00e9cialistes de l&rsquo;importation et de l&rsquo;exportation de v\u00e9hicules de l&rsquo;Espagne au Maroc.<\/a><\/li>\n<li class=\"page_item page-item-237450\"><a href=\"https:\/\/linkcee.com\/fr\/specialistes-de-limportation-et-de-lexportation-de-vehicules-en-algerie-depuis-lespagne\/\">Sp\u00e9cialistes de l&rsquo;importation et de l&rsquo;exportation de v\u00e9hicules en Alg\u00e9rie depuis l&rsquo;Espagne.<\/a><\/li>\n<li class=\"page_item page-item-237870\"><a href=\"https:\/\/linkcee.com\/fr\/voitures-exportations-de-allemagne\/\">Sp\u00e9cialistes de l&rsquo;importation et de l&rsquo;exportation de v\u00e9hicules en provenance d&rsquo;Allemagne<\/a><\/li>\n<li class=\"page_item page-item-238829\"><a href=\"https:\/\/linkcee.com\/fr\/importation-de-voitures-tunisie\/\">Sp\u00e9cialistes de l&rsquo;importation et de l&rsquo;exportation de v\u00e9hicules en Tunisie depuis l&rsquo;Espagne<\/a><\/li>\n<li class=\"page_item page-item-239535\"><a href=\"https:\/\/linkcee.com\/fr\/volkswagen\/\">Volkswagen<\/a><\/li>\n<\/ul>\n<\/div>\n","protected":false},"author":2,"featured_media":0,"parent":0,"menu_order":0,"comment_status":"closed","ping_status":"closed","template":"","meta":{"_et_pb_use_builder":"on","_et_pb_old_content":"","_et_gb_content_width":"","footnotes":""},"class_list":["post-237508","page","type-page","status-publish","hentry"],"_links":{"self":[{"href":"https:\/\/linkcee.com\/fr\/wp-json\/wp\/v2\/pages\/237508","targetHints":{"allow":["GET"]}}],"collection":[{"href":"https:\/\/linkcee.com\/fr\/wp-json\/wp\/v2\/pages"}],"about":[{"href":"https:\/\/linkcee.com\/fr\/wp-json\/wp\/v2\/types\/page"}],"author":[{"embeddable":true,"href":"https:\/\/linkcee.com\/fr\/wp-json\/wp\/v2\/users\/2"}],"replies":[{"embeddable":true,"href":"https:\/\/linkcee.com\/fr\/wp-json\/wp\/v2\/comments?post=237508"}],"version-history":[{"count":0,"href":"https:\/\/linkcee.com\/fr\/wp-json\/wp\/v2\/pages\/237508\/revisions"}],"wp:attachment":[{"href":"https:\/\/linkcee.com\/fr\/wp-json\/wp\/v2\/media?parent=237508"}],"curies":[{"name":"wp","href":"https:\/\/api.w.org\/{rel}","templated":true}]}}