{"id":237497,"date":"2024-02-26T11:50:26","date_gmt":"2024-02-26T11:50:26","guid":{"rendered":"https:\/\/linkcee.com\/declaration-daccessibilite\/"},"modified":"2025-09-02T10:12:18","modified_gmt":"2025-09-02T10:12:18","slug":"declaration-daccessibilite","status":"publish","type":"page","link":"https:\/\/linkcee.com\/fr\/declaration-daccessibilite\/","title":{"rendered":"D\u00e9claration d&rsquo;accessibilit\u00e9"},"content":{"rendered":"<p>[et_pb_section fb_built=\u00a0\u00bb1&Prime; admin_label=\u00a0\u00bbsection\u00a0\u00bb _builder_version=\u00a0\u00bb4.16&Prime; global_colors_info=\u00a0\u00bb{}\u00a0\u00bb][et_pb_row admin_label=\u00a0\u00bbrow\u00a0\u00bb _builder_version=\u00a0\u00bb4.16&Prime; background_size=\u00a0\u00bbinitial\u00a0\u00bb background_position=\u00a0\u00bbtop_left\u00a0\u00bb background_repeat=\u00a0\u00bbrepeat\u00a0\u00bb global_colors_info=\u00a0\u00bb{}\u00a0\u00bb][et_pb_column type=\u00a0\u00bb4_4&Prime; _builder_version=\u00a0\u00bb4.16&Prime; custom_padding=\u00a0\u00bb|||\u00a0\u00bb global_colors_info=\u00a0\u00bb{}\u00a0\u00bb custom_padding__hover=\u00a0\u00bb|||\u00a0\u00bb][et_pb_text admin_label=\u00a0\u00bbText\u00a0\u00bb _builder_version=\u00a0\u00bb4.24.2&Prime; background_size=\u00a0\u00bbinitial\u00a0\u00bb background_position=\u00a0\u00bbtop_left\u00a0\u00bb background_repeat=\u00a0\u00bbrepeat\u00a0\u00bb hover_enabled=\u00a0\u00bb0&Prime; global_colors_info=\u00a0\u00bb{}\u00a0\u00bb sticky_enabled=\u00a0\u00bb0&Prime;]<\/p>\n<p>&nbsp;<\/p>\n<p><strong>Politique d&rsquo;accessibilit\u00e9<\/strong> <br \/><span>LINKCEE GmbH<\/span>. s&rsquo;engage \u00e0 rendre son site Web accessible conform\u00e9ment \u00e0 l&rsquo;arr\u00eat\u00e9 royal 1112\/2018 du 7 septembre relatif \u00e0 l&rsquo;accessibilit\u00e9 des sites Web et des applications mobiles du secteur public, ou des d\u00e9veloppements financ\u00e9s par l&rsquo;Europe. Cette d\u00e9claration d&rsquo;accessibilit\u00e9 s&rsquo;applique au site web <a href=\"https:\/\/linkcee.com\/fr\/\">https:\/\/linkcee.com\/<\/a>, \u00e0 l&rsquo;exclusion du contenu int\u00e9gr\u00e9 provenant d&rsquo;autres domaines. <\/p>\n<p>&nbsp;<\/p>\n<p>&nbsp;<\/p>\n<p><strong>Statut de conformit\u00e9<\/strong> <br \/>Ce site web est partiellement conforme au RD 1112\/2018 en raison de la non-conformit\u00e9 des aspects \u00e9num\u00e9r\u00e9s ci-dessous.<br \/><strong>Contenu non accessible<\/strong> <br \/>Le contenu suivant n&rsquo;est pas accessible pour les raisons suivantes:<br \/>&#8211; Non-conformit\u00e9 :<br \/>&#8211; Il peut y avoir des images pour lesquelles l&rsquo;alternative n&rsquo;est pas impl\u00e9ment\u00e9e ou n&rsquo;est pas correcte &#8211; &#8211; Exigence 9.1.1.1 Contenu non textuel UNE-EN 301549:2022<br \/>&#8211; Il peut y avoir des \u00e9l\u00e9ments d&rsquo;en-t\u00eate qui sont incorrectement impl\u00e9ment\u00e9s, ou dont l&rsquo;ordre logique n&rsquo;est pas correct &#8211; Num\u00e9ro d&rsquo;exigence 9.1.3.1 Information et relations de la norme UNE-EN 301549:2022<br \/>&#8211; Dans les formulaires, il peut y avoir des champs qui n&rsquo;ont pas \u00e9t\u00e9 facilit\u00e9s par des syst\u00e8mes automatis\u00e9s &#8211; Exigence 9.1.3.5 Identifier le but de l&rsquo;entr\u00e9e UNE-EN 301549:2022<br \/>&#8211; Il peut y avoir des \u00e9l\u00e9ments avec un contraste insuffisant sur certaines pages &#8211; Exigence 9.1.4.3 Contraste UNE-EN 301549:2020<br \/>&#8211; Il peut y avoir des liens dont la fonction ou le but n&rsquo;est pas correctement d\u00e9fini &#8211; Exigence num\u00e9ro 9.2.4.4.4 But des liens de la UNE-EN 301549:2020<br \/>&#8211; Il peut y avoir des liens dont le focus n&rsquo;est pas indiqu\u00e9 &#8211; Exigence num\u00e9ro 9.2.4.7 Visible Focus de la norme UNE-EN 301549:2020<br \/>&#8211; Certaines pages web peuvent contenir des erreurs d&rsquo;\u00e9dition occasionnelles.<br \/>Charge disproportionn\u00e9e : sans objet.<br \/>&#8211; Le contenu n&rsquo;entre pas dans le champ d&rsquo;application de la l\u00e9gislation applicable.<br \/>Il se peut que des fichiers bureautiques au format PDF ou dans d&rsquo;autres formats publi\u00e9s avant le 20 septembre 2018 ne soient pas enti\u00e8rement conformes \u00e0 toutes les exigences en mati\u00e8re d&rsquo;accessibilit\u00e9.<br \/>Il peut y avoir du contenu de tiers qui n&rsquo;est pas d\u00e9velopp\u00e9 par ou sous le contr\u00f4le de cette unit\u00e9, comme des fichiers de bureautique de diff\u00e9rentes agences qui doivent \u00eatre publi\u00e9s sur ce site.<\/p>\n<p>&nbsp;<\/p>\n<p>&nbsp;<\/p>\n<p><strong>Commentaires et coordonn\u00e9es<\/strong> <br \/>Vous pouvez faire des communications sur les exigences d&rsquo;accessibilit\u00e9 [article 10.2.a) du RD 1112\/2018] comme, par exemple:<\/p>\n<p>&nbsp;<\/p>\n<p>&nbsp;<\/p>\n<p>&#8211; Pour signaler tout manquement \u00e9ventuel \u00e0 la r\u00e9glementation de ce site web.<br \/>Transmettre d&rsquo;autres difficult\u00e9s d&rsquo;acc\u00e8s au contenu.<br \/>Pour toute autre question ou suggestion d&rsquo;am\u00e9lioration concernant l&rsquo;accessibilit\u00e9 du site web, veuillez utiliser le <a href=\"https:\/\/linkcee.com\/fr\/contact\/\">formulaire de contact<\/a> suivant ou appeler le 965 595 610 de 9h00 \u00e0 14h00 du lundi au vendredi.<br \/>Vous pouvez soumettre: <br \/>&#8211; Une plainte concernant le respect des exigences du RD 1112\/2018. <br \/>&#8211; Une demande d&rsquo;informations accessibles concernant: <br \/>&#8211; Le contenu qui est exclu du champ d&rsquo;application du RD 1112\/2018 tel qu&rsquo;\u00e9tabli par l&rsquo;article 3(4).<br \/>&#8211; Contenu qui est exempt\u00e9 des exigences d&rsquo;accessibilit\u00e9 parce qu&rsquo;il impose une charge disproportionn\u00e9e.<br \/>La demande d&rsquo;informations accessibles doit clairement exposer les faits, les raisons et la demande, de mani\u00e8re \u00e0 \u00e9tablir que la demande est raisonnable et l\u00e9gitime.<\/p>\n<p>&nbsp;<\/p>\n<p>[\/et_pb_text][\/et_pb_column][\/et_pb_row][\/et_pb_section]<\/p>\n","protected":false},"excerpt":{"rendered":"<p>&nbsp; Politique d&rsquo;accessibilit\u00e9 LINKCEE GmbH. s&rsquo;engage \u00e0 rendre son site Web accessible conform\u00e9ment \u00e0 l&rsquo;arr\u00eat\u00e9 royal 1112\/2018 du 7 septembre relatif \u00e0 l&rsquo;accessibilit\u00e9 des sites Web et des applications mobiles du secteur public, ou des d\u00e9veloppements financ\u00e9s par l&rsquo;Europe. Cette d\u00e9claration d&rsquo;accessibilit\u00e9 s&rsquo;applique au site web https:\/\/linkcee.com\/, \u00e0 l&rsquo;exclusion du contenu int\u00e9gr\u00e9 provenant d&rsquo;autres domaines. [&hellip;]<\/p>\n","protected":false},"author":2,"featured_media":0,"parent":0,"menu_order":0,"comment_status":"closed","ping_status":"closed","template":"","meta":{"_et_pb_use_builder":"on","_et_pb_old_content":"","_et_gb_content_width":"","footnotes":""},"class_list":["post-237497","page","type-page","status-publish","hentry"],"_links":{"self":[{"href":"https:\/\/linkcee.com\/fr\/wp-json\/wp\/v2\/pages\/237497","targetHints":{"allow":["GET"]}}],"collection":[{"href":"https:\/\/linkcee.com\/fr\/wp-json\/wp\/v2\/pages"}],"about":[{"href":"https:\/\/linkcee.com\/fr\/wp-json\/wp\/v2\/types\/page"}],"author":[{"embeddable":true,"href":"https:\/\/linkcee.com\/fr\/wp-json\/wp\/v2\/users\/2"}],"replies":[{"embeddable":true,"href":"https:\/\/linkcee.com\/fr\/wp-json\/wp\/v2\/comments?post=237497"}],"version-history":[{"count":0,"href":"https:\/\/linkcee.com\/fr\/wp-json\/wp\/v2\/pages\/237497\/revisions"}],"wp:attachment":[{"href":"https:\/\/linkcee.com\/fr\/wp-json\/wp\/v2\/media?parent=237497"}],"curies":[{"name":"wp","href":"https:\/\/api.w.org\/{rel}","templated":true}]}}