{"id":237459,"date":"2023-11-19T19:47:35","date_gmt":"2023-11-19T19:47:35","guid":{"rendered":"https:\/\/linkcee.com\/politique-de-qualite\/"},"modified":"2025-09-02T11:32:49","modified_gmt":"2025-09-02T11:32:49","slug":"politique-de-qualite","status":"publish","type":"page","link":"https:\/\/linkcee.com\/fr\/politique-de-qualite\/","title":{"rendered":"Politique de qualit\u00e9"},"content":{"rendered":"\n<p>Linkcee, dans sa volont\u00e9 d&rsquo;offrir un service de la plus haute qualit\u00e9 \u00e0 ses clients, vise \u00e0 mettre en \u0153uvre<br\/>L&rsquo;objectif de ce syst\u00e8me de gestion n&rsquo;est autre que d&rsquo;\u00e9tablir les bases de la conformit\u00e9 \u00e0 la norme ISO 9001, qui d\u00e9finit et structure tous les processus de l&rsquo;organisation, dans le but d&rsquo;assurer la comp\u00e9titivit\u00e9, le succ\u00e8s et le leadership de notre entreprise sur le march\u00e9, ainsi que l&rsquo;am\u00e9lioration continue de nos services \u00e0 la client\u00e8le. Ce syst\u00e8me de gestion a pour but d&rsquo;\u00e9tablir les bases de la conformit\u00e9 \u00e0 la norme ISO 9001, qui d\u00e9finit et structure tous les processus de l&rsquo;organisation, dans le but d&rsquo;assurer notre comp\u00e9titivit\u00e9, notre succ\u00e8s et notre leadership sur le march\u00e9, ainsi que l&rsquo;am\u00e9lioration continue de nos services \u00e0 la client\u00e8le. Les services \u00e0 la client\u00e8le, qui se traduiront par des avantages \u00e9conomiques et le positionnement de la marque, garantissant la croissance de l&rsquo;entreprise, son progr\u00e8s technologique et sa p\u00e9rennit\u00e9, sont des \u00e9l\u00e9ments essentiels de notre strat\u00e9gie. croissance de l&rsquo;entreprise, son progr\u00e8s technologique et la promotion de ses collaborateurs.<br\/>Notre mission pour\/avec le client est de le satisfaire pleinement en lui fournissant des informations en fonction de ses besoins<br\/>le projet sera r\u00e9alis\u00e9 conform\u00e9ment aux sp\u00e9cifications et exigences stipul\u00e9es, dans le respect de la l\u00e9gislation en vigueur, tout au long du projet :<\/p>\n\n<ul class=\"wp-block-list\">\n<li>Motiver, former et sensibiliser les employ\u00e9s afin d&rsquo;assurer leur d\u00e9veloppement personnel et professionnel, dans le but de les impliquer au maximum dans Linkcee en tant qu&rsquo;entreprise leader sur le march\u00e9. Motiver, former et sensibiliser les employ\u00e9s, afin de r\u00e9aliser leur d\u00e9veloppement personnel et professionnel, dans le but de les impliquer au maximum dans Linkcee en tant qu&rsquo;entreprise leader sur le march\u00e9. march\u00e9.<\/li>\n\n\n\n<li>La mentalit\u00e9 Kaizen en tant que forme de conduite des affaires :<\/li>\n<\/ul>\n\n<ol class=\"wp-block-list\">\n<li>Classification.<\/li>\n\n\n\n<li>Organisation<\/li>\n\n\n\n<li>Nettoyage<\/li>\n\n\n\n<li>Normalisation<\/li>\n\n\n\n<li>Am\u00e9lioration continue<\/li>\n<\/ol>\n\n<ul class=\"wp-block-list\">\n<li>L&rsquo;\u00e9valuation constante du syst\u00e8me de gestion afin de d\u00e9tecter les aspects n\u00e9gatifs susceptibles d&rsquo;affecter nos clients, nos services et les autres parties int\u00e9ress\u00e9es. Les risques et les opportunit\u00e9s seront identifi\u00e9s et \u00e9valu\u00e9s en tenant compte du contexte et de l&rsquo;orientation strat\u00e9gique de l&rsquo;entreprise. Les risques et les opportunit\u00e9s seront identifi\u00e9s et \u00e9valu\u00e9s, en tenant compte du contexte et de l&rsquo;orientation strat\u00e9gique de l&rsquo;entreprise.<\/li>\n\n\n\n<li>Analyse permanente des informations, pour d\u00e9tecter les anomalies et pr\u00e9venir les d\u00e9faillances, afin d&rsquo;am\u00e9liorer les processus et les services que l&rsquo;entreprise offre \u00e0 ses clients. L&rsquo;analyse permanente de l&rsquo;information pour d\u00e9tecter les anomalies et pr\u00e9venir les d\u00e9faillances, afin d&rsquo;am\u00e9liorer les processus et les services que l&rsquo;entreprise offre \u00e0 ses clients.<\/li>\n\n\n\n<li>Impliquer nos collaborateurs et fournisseurs dans l&rsquo;engagement qualit\u00e9 afin d&rsquo;\u00e9viter la survenue d&rsquo;incidents et de faciliter le respect du syst\u00e8me de gestion. d&rsquo;incidents et faciliter le respect du syst\u00e8me de gestion.<\/li>\n\n\n\n<li>Sensibiliser les employ\u00e9s \u00e0 l&rsquo;utilisation responsable de tous les types de ressources, ainsi qu&rsquo;\u00e0 la pr\u00e9servation de l&rsquo;environnement. L&rsquo;efficacit\u00e9 et le respect des exigences l\u00e9gales applicables constituent un engagement direct de l&rsquo;ensemble de l&rsquo;organisation. L&rsquo;efficacit\u00e9 et le respect des exigences l\u00e9gales applicables constituent un engagement direct de l&rsquo;ensemble de l&rsquo;organisation. La direction de l&rsquo;entreprise consid\u00e8re la conformit\u00e9 comme un objectif fondamental et permanent, tel que d\u00e9crit dans le plan strat\u00e9gique de l&rsquo;organisation. La direction de l&rsquo;entreprise consid\u00e8re la conformit\u00e9 comme un objectif fondamental et permanent, tel que d\u00e9crit dans le plan strat\u00e9gique de l&rsquo;organisation. 27 septembre 2022 La direction<\/li>\n<\/ul>\n","protected":false},"excerpt":{"rendered":"<p>Linkcee, dans sa volont\u00e9 d&rsquo;offrir un service de la plus haute qualit\u00e9 \u00e0 ses clients, vise \u00e0 mettre en \u0153uvreL&rsquo;objectif de ce syst\u00e8me de gestion n&rsquo;est autre que d&rsquo;\u00e9tablir les bases de la conformit\u00e9 \u00e0 la norme ISO 9001, qui d\u00e9finit et structure tous les processus de l&rsquo;organisation, dans le but d&rsquo;assurer la comp\u00e9titivit\u00e9, le [&hellip;]<\/p>\n","protected":false},"author":1,"featured_media":0,"parent":0,"menu_order":0,"comment_status":"closed","ping_status":"closed","template":"","meta":{"_et_pb_use_builder":"off","_et_pb_old_content":"","_et_gb_content_width":"","footnotes":""},"class_list":["post-237459","page","type-page","status-publish","hentry"],"_links":{"self":[{"href":"https:\/\/linkcee.com\/fr\/wp-json\/wp\/v2\/pages\/237459","targetHints":{"allow":["GET"]}}],"collection":[{"href":"https:\/\/linkcee.com\/fr\/wp-json\/wp\/v2\/pages"}],"about":[{"href":"https:\/\/linkcee.com\/fr\/wp-json\/wp\/v2\/types\/page"}],"author":[{"embeddable":true,"href":"https:\/\/linkcee.com\/fr\/wp-json\/wp\/v2\/users\/1"}],"replies":[{"embeddable":true,"href":"https:\/\/linkcee.com\/fr\/wp-json\/wp\/v2\/comments?post=237459"}],"version-history":[{"count":0,"href":"https:\/\/linkcee.com\/fr\/wp-json\/wp\/v2\/pages\/237459\/revisions"}],"wp:attachment":[{"href":"https:\/\/linkcee.com\/fr\/wp-json\/wp\/v2\/media?parent=237459"}],"curies":[{"name":"wp","href":"https:\/\/api.w.org\/{rel}","templated":true}]}}